{"id":13,"date":"2025-01-01T11:25:39","date_gmt":"2025-01-01T14:25:39","guid":{"rendered":"https:\/\/pg3restaura.com.br\/index.php\/gallery\/"},"modified":"2025-02-27T10:57:46","modified_gmt":"2025-02-27T13:57:46","slug":"antes-e-depois","status":"publish","type":"page","link":"https:\/\/pg3restaura.com.br\/index.php\/antes-e-depois\/","title":{"rendered":"Antes e Depois"},"content":{"rendered":"\t\t<div data-elementor-type=\"wp-page\" data-elementor-id=\"13\" class=\"elementor elementor-13\">\n\t\t\t\t<div class=\"elementor-element elementor-element-2dfa645a e-flex e-con-boxed e-con e-parent\" data-id=\"2dfa645a\" data-element_type=\"container\">\n\t\t\t\t\t<div class=\"e-con-inner\">\n\t\t\t\t<div class=\"elementor-element elementor-element-403f272e elementor-widget elementor-widget-heading\" data-id=\"403f272e\" data-element_type=\"widget\" data-widget_type=\"heading.default\">\n\t\t\t\t<div class=\"elementor-widget-container\">\n\t\t\t\t\t<h1 class=\"elementor-heading-title elementor-size-default\">Antes e Depois<\/h1>\t\t\t\t<\/div>\n\t\t\t\t<\/div>\n\t\t\t\t<div class=\"elementor-element elementor-element-22bf8dba elementor-widget-divider--view-line elementor-widget elementor-widget-divider\" data-id=\"22bf8dba\" data-element_type=\"widget\" data-widget_type=\"divider.default\">\n\t\t\t\t<div class=\"elementor-widget-container\">\n\t\t\t\t\t\t\t<div class=\"elementor-divider\">\n\t\t\t<span class=\"elementor-divider-separator\">\n\t\t\t\t\t\t<\/span>\n\t\t<\/div>\n\t\t\t\t\t\t<\/div>\n\t\t\t\t<\/div>\n\t\t\t\t<div class=\"elementor-element elementor-element-21fb1ea8 elementor-widget__width-initial elementor-widget-tablet__width-initial elementor-widget elementor-widget-heading\" data-id=\"21fb1ea8\" data-element_type=\"widget\" data-widget_type=\"heading.default\">\n\t\t\t\t<div class=\"elementor-widget-container\">\n\t\t\t\t\t<h5 class=\"elementor-heading-title elementor-size-default\">Transforma\u00e7\u00f5es que falam por si! Confira nossa galeria de antes e depois e veja como renovamos sof\u00e1s, colch\u00f5es e poltronas com excel\u00eancia!<\/h5>\t\t\t\t<\/div>\n\t\t\t\t<\/div>\n\t\t\t\t\t<\/div>\n\t\t\t\t<\/div>\n\t\t<div class=\"elementor-element elementor-element-6c78c143 e-con-full e-flex e-con e-parent\" data-id=\"6c78c143\" data-element_type=\"container\">\n\t\t\t\t<div class=\"elementor-element elementor-element-14d4fc42 gallery-spacing-custom elementor-widget elementor-widget-image-gallery\" data-id=\"14d4fc42\" data-element_type=\"widget\" data-widget_type=\"image-gallery.default\">\n\t\t\t\t<div class=\"elementor-widget-container\">\n\t\t\t\t\t\t\t<div class=\"elementor-image-gallery\">\n\t\t\t<div id='gallery-1' class='gallery galleryid-13 gallery-columns-2 gallery-size-full'><figure class='gallery-item'>\n\t\t\t<div class='gallery-icon landscape'>\n\t\t\t\t<a data-elementor-open-lightbox=\"yes\" data-elementor-lightbox-slideshow=\"14d4fc42\" data-elementor-lightbox-title=\"Limpeza de sof\u00e1 premium\" data-elementor-lightbox-description=\"Neutraliza\u00e7\u00e3o de odores profundos e finaliza\u00e7\u00e3o com toque macio e aroma agrad\u00e1vel\" data-e-action-hash=\"#elementor-action%3Aaction%3Dlightbox%26settings%3DeyJpZCI6MTQ2LCJ1cmwiOiJodHRwczpcL1wvcGczcmVzdGF1cmEuY29tLmJyXC93cC1jb250ZW50XC91cGxvYWRzXC8yMDI1XC8wMVwvMS53ZWJwIiwic2xpZGVzaG93IjoiMTRkNGZjNDIifQ%3D%3D\" href='https:\/\/pg3restaura.com.br\/wp-content\/uploads\/2025\/01\/1.webp'><img fetchpriority=\"high\" decoding=\"async\" width=\"940\" height=\"788\" src=\"https:\/\/pg3restaura.com.br\/wp-content\/uploads\/2025\/01\/1.webp\" class=\"attachment-full size-full\" alt=\"\" aria-describedby=\"gallery-1-146\" srcset=\"https:\/\/pg3restaura.com.br\/wp-content\/uploads\/2025\/01\/1.webp 940w, https:\/\/pg3restaura.com.br\/wp-content\/uploads\/2025\/01\/1-300x251.webp 300w, https:\/\/pg3restaura.com.br\/wp-content\/uploads\/2025\/01\/1-768x644.webp 768w\" sizes=\"(max-width: 940px) 100vw, 940px\" \/><\/a>\n\t\t\t<\/div>\n\t\t\t\t<figcaption class='wp-caption-text gallery-caption' id='gallery-1-146'>\n\t\t\t\tLimpeza de sof\u00e1 de linho\n\t\t\t\t<\/figcaption><\/figure><figure class='gallery-item'>\n\t\t\t<div class='gallery-icon landscape'>\n\t\t\t\t<a data-elementor-open-lightbox=\"yes\" data-elementor-lightbox-slideshow=\"14d4fc42\" data-elementor-lightbox-title=\"Real\u00e7ar cor do sof\u00e1 (2)\" data-elementor-lightbox-description=\"Neutraliza\u00e7\u00e3o de odores profundos e finaliza\u00e7\u00e3o com toque macio e aroma agrad\u00e1vel\" data-e-action-hash=\"#elementor-action%3Aaction%3Dlightbox%26settings%3DeyJpZCI6MjM3LCJ1cmwiOiJodHRwczpcL1wvcGczcmVzdGF1cmEuY29tLmJyXC93cC1jb250ZW50XC91cGxvYWRzXC8yMDI1XC8wMVwvUmVhbGNhci1jb3ItZG8tc29mYS0yLndlYnAiLCJzbGlkZXNob3ciOiIxNGQ0ZmM0MiJ9\" href='https:\/\/pg3restaura.com.br\/wp-content\/uploads\/2025\/01\/Realcar-cor-do-sofa-2.webp'><img decoding=\"async\" width=\"500\" height=\"500\" src=\"https:\/\/pg3restaura.com.br\/wp-content\/uploads\/2025\/01\/Realcar-cor-do-sofa-2.webp\" class=\"attachment-full size-full\" alt=\"\" aria-describedby=\"gallery-1-237\" srcset=\"https:\/\/pg3restaura.com.br\/wp-content\/uploads\/2025\/01\/Realcar-cor-do-sofa-2.webp 500w, https:\/\/pg3restaura.com.br\/wp-content\/uploads\/2025\/01\/Realcar-cor-do-sofa-2-300x300.webp 300w, https:\/\/pg3restaura.com.br\/wp-content\/uploads\/2025\/01\/Realcar-cor-do-sofa-2-150x150.webp 150w\" sizes=\"(max-width: 500px) 100vw, 500px\" \/><\/a>\n\t\t\t<\/div>\n\t\t\t\t<figcaption class='wp-caption-text gallery-caption' id='gallery-1-237'>\n\t\t\t\tMeu sofa esta sujo?\n\t\t\t\t<\/figcaption><\/figure><figure class='gallery-item'>\n\t\t\t<div class='gallery-icon landscape'>\n\t\t\t\t<a data-elementor-open-lightbox=\"yes\" data-elementor-lightbox-slideshow=\"14d4fc42\" data-elementor-lightbox-title=\"Limpeza de sof\u00e1\" data-elementor-lightbox-description=\"Neutraliza\u00e7\u00e3o de odores profundos e finaliza\u00e7\u00e3o com toque macio e aroma agrad\u00e1vel\" data-e-action-hash=\"#elementor-action%3Aaction%3Dlightbox%26settings%3DeyJpZCI6MjM0LCJ1cmwiOiJodHRwczpcL1wvcGczcmVzdGF1cmEuY29tLmJyXC93cC1jb250ZW50XC91cGxvYWRzXC8yMDI1XC8wMVwvTGltcGV6YS1kZS1zb2ZhLndlYnAiLCJzbGlkZXNob3ciOiIxNGQ0ZmM0MiJ9\" href='https:\/\/pg3restaura.com.br\/wp-content\/uploads\/2025\/01\/Limpeza-de-sofa.webp'><img decoding=\"async\" width=\"500\" height=\"500\" src=\"https:\/\/pg3restaura.com.br\/wp-content\/uploads\/2025\/01\/Limpeza-de-sofa.webp\" class=\"attachment-full size-full\" alt=\"\" aria-describedby=\"gallery-1-234\" srcset=\"https:\/\/pg3restaura.com.br\/wp-content\/uploads\/2025\/01\/Limpeza-de-sofa.webp 500w, https:\/\/pg3restaura.com.br\/wp-content\/uploads\/2025\/01\/Limpeza-de-sofa-300x300.webp 300w, https:\/\/pg3restaura.com.br\/wp-content\/uploads\/2025\/01\/Limpeza-de-sofa-150x150.webp 150w\" sizes=\"(max-width: 500px) 100vw, 500px\" \/><\/a>\n\t\t\t<\/div>\n\t\t\t\t<figcaption class='wp-caption-text gallery-caption' id='gallery-1-234'>\n\t\t\t\t&#8220;Manchas resistentes eliminadas com t\u00e9cnica avan\u00e7ada. Sof\u00e1 renovado e protegido.\n\t\t\t\t<\/figcaption><\/figure><figure class='gallery-item'>\n\t\t\t<div class='gallery-icon landscape'>\n\t\t\t\t<a data-elementor-open-lightbox=\"yes\" data-elementor-lightbox-slideshow=\"14d4fc42\" data-elementor-lightbox-title=\"Limpeza de xixi no colch\u00e3o\" data-elementor-lightbox-description=\"Neutraliza\u00e7\u00e3o de odores profundos e finaliza\u00e7\u00e3o com toque macio e aroma agrad\u00e1vel\" data-e-action-hash=\"#elementor-action%3Aaction%3Dlightbox%26settings%3DeyJpZCI6MjM1LCJ1cmwiOiJodHRwczpcL1wvcGczcmVzdGF1cmEuY29tLmJyXC93cC1jb250ZW50XC91cGxvYWRzXC8yMDI1XC8wMVwvTGltcGV6YS1kZS14aXhpLW5vLWNvbGNoYW8ud2VicCIsInNsaWRlc2hvdyI6IjE0ZDRmYzQyIn0%3D\" href='https:\/\/pg3restaura.com.br\/wp-content\/uploads\/2025\/01\/Limpeza-de-xixi-no-colchao.webp'><img loading=\"lazy\" decoding=\"async\" width=\"500\" height=\"500\" src=\"https:\/\/pg3restaura.com.br\/wp-content\/uploads\/2025\/01\/Limpeza-de-xixi-no-colchao.webp\" class=\"attachment-full size-full\" alt=\"\" aria-describedby=\"gallery-1-235\" srcset=\"https:\/\/pg3restaura.com.br\/wp-content\/uploads\/2025\/01\/Limpeza-de-xixi-no-colchao.webp 500w, https:\/\/pg3restaura.com.br\/wp-content\/uploads\/2025\/01\/Limpeza-de-xixi-no-colchao-300x300.webp 300w, https:\/\/pg3restaura.com.br\/wp-content\/uploads\/2025\/01\/Limpeza-de-xixi-no-colchao-150x150.webp 150w\" sizes=\"(max-width: 500px) 100vw, 500px\" \/><\/a>\n\t\t\t<\/div>\n\t\t\t\t<figcaption class='wp-caption-text gallery-caption' id='gallery-1-235'>\n\t\t\t\tcrian\u00e7a sujou a cama. cama mofo\n\t\t\t\t<\/figcaption><\/figure><figure class='gallery-item'>\n\t\t\t<div class='gallery-icon landscape'>\n\t\t\t\t<a data-elementor-open-lightbox=\"yes\" data-elementor-lightbox-slideshow=\"14d4fc42\" data-elementor-lightbox-title=\"Real\u00e7ar cor do sof\u00e1 (1)\" data-elementor-lightbox-description=\"Neutraliza\u00e7\u00e3o de odores profundos e finaliza\u00e7\u00e3o com toque macio e aroma agrad\u00e1vel\" data-e-action-hash=\"#elementor-action%3Aaction%3Dlightbox%26settings%3DeyJpZCI6MjM2LCJ1cmwiOiJodHRwczpcL1wvcGczcmVzdGF1cmEuY29tLmJyXC93cC1jb250ZW50XC91cGxvYWRzXC8yMDI1XC8wMVwvUmVhbGNhci1jb3ItZG8tc29mYS0xLndlYnAiLCJzbGlkZXNob3ciOiIxNGQ0ZmM0MiJ9\" href='https:\/\/pg3restaura.com.br\/wp-content\/uploads\/2025\/01\/Realcar-cor-do-sofa-1.webp'><img loading=\"lazy\" decoding=\"async\" width=\"500\" height=\"500\" src=\"https:\/\/pg3restaura.com.br\/wp-content\/uploads\/2025\/01\/Realcar-cor-do-sofa-1.webp\" class=\"attachment-full size-full\" alt=\"\" aria-describedby=\"gallery-1-236\" srcset=\"https:\/\/pg3restaura.com.br\/wp-content\/uploads\/2025\/01\/Realcar-cor-do-sofa-1.webp 500w, https:\/\/pg3restaura.com.br\/wp-content\/uploads\/2025\/01\/Realcar-cor-do-sofa-1-300x300.webp 300w, https:\/\/pg3restaura.com.br\/wp-content\/uploads\/2025\/01\/Realcar-cor-do-sofa-1-150x150.webp 150w\" sizes=\"(max-width: 500px) 100vw, 500px\" \/><\/a>\n\t\t\t<\/div>\n\t\t\t\t<figcaption class='wp-caption-text gallery-caption' id='gallery-1-236'>\n\t\t\t\t revitalizada com remo\u00e7\u00e3o de manchas e odores. Cuidado e prote\u00e7\u00e3o para o tecido\n\t\t\t\t<\/figcaption><\/figure><figure class='gallery-item'>\n\t\t\t<div class='gallery-icon landscape'>\n\t\t\t\t<a data-elementor-open-lightbox=\"yes\" data-elementor-lightbox-slideshow=\"14d4fc42\" data-elementor-lightbox-title=\"Remo\u00e7\u00e3o de Manchas Dif\u00edceis no Sof\u00e1\" data-elementor-lightbox-description=\"Neutraliza\u00e7\u00e3o de odores profundos e finaliza\u00e7\u00e3o com toque macio e aroma agrad\u00e1vel\" data-e-action-hash=\"#elementor-action%3Aaction%3Dlightbox%26settings%3DeyJpZCI6MjM4LCJ1cmwiOiJodHRwczpcL1wvcGczcmVzdGF1cmEuY29tLmJyXC93cC1jb250ZW50XC91cGxvYWRzXC8yMDI1XC8wMVwvUmVtb2Nhby1kZS1NYW5jaGFzLURpZmljZWlzLW5vLVNvZmEud2VicCIsInNsaWRlc2hvdyI6IjE0ZDRmYzQyIn0%3D\" href='https:\/\/pg3restaura.com.br\/wp-content\/uploads\/2025\/01\/Remocao-de-Manchas-Dificeis-no-Sofa.webp'><img loading=\"lazy\" decoding=\"async\" width=\"500\" height=\"500\" src=\"https:\/\/pg3restaura.com.br\/wp-content\/uploads\/2025\/01\/Remocao-de-Manchas-Dificeis-no-Sofa.webp\" class=\"attachment-full size-full\" alt=\"\" aria-describedby=\"gallery-1-238\" srcset=\"https:\/\/pg3restaura.com.br\/wp-content\/uploads\/2025\/01\/Remocao-de-Manchas-Dificeis-no-Sofa.webp 500w, https:\/\/pg3restaura.com.br\/wp-content\/uploads\/2025\/01\/Remocao-de-Manchas-Dificeis-no-Sofa-300x300.webp 300w, https:\/\/pg3restaura.com.br\/wp-content\/uploads\/2025\/01\/Remocao-de-Manchas-Dificeis-no-Sofa-150x150.webp 150w\" sizes=\"(max-width: 500px) 100vw, 500px\" \/><\/a>\n\t\t\t<\/div>\n\t\t\t\t<figcaption class='wp-caption-text gallery-caption' id='gallery-1-238'>\n\t\t\t\tLimpeza de colch\u00e3o para elimina\u00e7\u00e3o de \u00e1caros e bact\u00e9rias. Mais sa\u00fade para o seu sono.\n\t\t\t\t<\/figcaption><\/figure>\n\t\t<\/div>\n\t\t<\/div>\n\t\t\t\t\t\t<\/div>\n\t\t\t\t<\/div>\n\t\t\t\t<\/div>\n\t\t<div class=\"elementor-element elementor-element-6708b3d e-flex e-con-boxed e-con e-parent\" data-id=\"6708b3d\" data-element_type=\"container\">\n\t\t\t\t\t<div class=\"e-con-inner\">\n\t\t\t\t<div class=\"elementor-element elementor-element-aa1decc elementor-widget elementor-widget-video\" data-id=\"aa1decc\" data-element_type=\"widget\" data-settings=\"{&quot;video_type&quot;:&quot;hosted&quot;,&quot;controls&quot;:&quot;yes&quot;}\" data-widget_type=\"video.default\">\n\t\t\t\t<div class=\"elementor-widget-container\">\n\t\t\t\t\t\t\t<div class=\"e-hosted-video elementor-wrapper elementor-open-inline\">\n\t\t\t\t\t<video class=\"elementor-video\" src=\"https:\/\/pg3restaura.com.br\/wp-content\/uploads\/2025\/01\/Copia-de-Pack-higienizacao-feed-1.mp4\" controls=\"\" preload=\"metadata\" controlsList=\"nodownload\"><\/video>\n\t\t\t\t<\/div>\n\t\t\t\t\t\t<\/div>\n\t\t\t\t<\/div>\n\t\t\t\t\t<\/div>\n\t\t\t\t<\/div>\n\t\t<div class=\"elementor-element elementor-element-ee9a36a e-flex e-con-boxed e-con e-parent\" data-id=\"ee9a36a\" data-element_type=\"container\">\n\t\t\t\t\t<div class=\"e-con-inner\">\n\t\t\t\t<div class=\"elementor-element elementor-element-85313c5 elementor-widget__width-initial elementor-widget elementor-widget-heading\" data-id=\"85313c5\" data-element_type=\"widget\" data-widget_type=\"heading.default\">\n\t\t\t\t<div class=\"elementor-widget-container\">\n\t\t\t\t\t<h2 class=\"elementor-heading-title elementor-size-default\">Perguntas? Vamos Conversar!<\/h2>\t\t\t\t<\/div>\n\t\t\t\t<\/div>\n\t\t\t\t<div class=\"elementor-element elementor-element-16648cf elementor-widget__width-initial elementor-widget elementor-widget-text-editor\" data-id=\"16648cf\" data-element_type=\"widget\" data-widget_type=\"text-editor.default\">\n\t\t\t\t<div class=\"elementor-widget-container\">\n\t\t\t\t\t\t\t\t\t<h6>&nbsp;<\/h6>\n<p>Fale conosco e esclare\u00e7a todas as suas perguntas sobre nossos servi\u00e7os. Estamos aqui para garantir sua confian\u00e7a antes de contratar.<\/p>\t\t\t\t\t\t\t\t<\/div>\n\t\t\t\t<\/div>\n\t\t\t\t<div class=\"elementor-element elementor-element-7c479bd elementor-align-center elementor-invisible elementor-widget elementor-widget-button\" data-id=\"7c479bd\" data-element_type=\"widget\" data-settings=\"{&quot;_animation&quot;:&quot;fadeInDown&quot;}\" data-widget_type=\"button.default\">\n\t\t\t\t<div class=\"elementor-widget-container\">\n\t\t\t\t\t\t\t\t\t<div class=\"elementor-button-wrapper\">\n\t\t\t\t\t<a class=\"elementor-button elementor-button-link elementor-size-sm\" href=\"https:\/\/wa.me\/5511942022578?text=Oi,%20estou%20interessado(a)%20na%20limpeza%20de%20estofados.%20Como%20funciona%20o%20processo%20de%20higieniza%C3%A7%C3%A3o%20e%20quais%20s%C3%A3o%20as%20condi%C3%A7%C3%B5es%C2%A0de%C2%A0pagamento\">\n\t\t\t\t\t\t<span class=\"elementor-button-content-wrapper\">\n\t\t\t\t\t\t<span class=\"elementor-button-icon\">\n\t\t\t\t<svg aria-hidden=\"true\" class=\"e-font-icon-svg e-fab-whatsapp\" viewBox=\"0 0 448 512\" xmlns=\"http:\/\/www.w3.org\/2000\/svg\"><path d=\"M380.9 97.1C339 55.1 283.2 32 223.9 32c-122.4 0-222 99.6-222 222 0 39.1 10.2 77.3 29.6 111L0 480l117.7-30.9c32.4 17.7 68.9 27 106.1 27h.1c122.3 0 224.1-99.6 224.1-222 0-59.3-25.2-115-67.1-157zm-157 341.6c-33.2 0-65.7-8.9-94-25.7l-6.7-4-69.8 18.3L72 359.2l-4.4-7c-18.5-29.4-28.2-63.3-28.2-98.2 0-101.7 82.8-184.5 184.6-184.5 49.3 0 95.6 19.2 130.4 54.1 34.8 34.9 56.2 81.2 56.1 130.5 0 101.8-84.9 184.6-186.6 184.6zm101.2-138.2c-5.5-2.8-32.8-16.2-37.9-18-5.1-1.9-8.8-2.8-12.5 2.8-3.7 5.6-14.3 18-17.6 21.8-3.2 3.7-6.5 4.2-12 1.4-32.6-16.3-54-29.1-75.5-66-5.7-9.8 5.7-9.1 16.3-30.3 1.8-3.7.9-6.9-.5-9.7-1.4-2.8-12.5-30.1-17.1-41.2-4.5-10.8-9.1-9.3-12.5-9.5-3.2-.2-6.9-.2-10.6-.2-3.7 0-9.7 1.4-14.8 6.9-5.1 5.6-19.4 19-19.4 46.3 0 27.3 19.9 53.7 22.6 57.4 2.8 3.7 39.1 59.7 94.8 83.8 35.2 15.2 49 16.5 66.6 13.9 10.7-1.6 32.8-13.4 37.4-26.4 4.6-13 4.6-24.1 3.2-26.4-1.3-2.5-5-3.9-10.5-6.6z\"><\/path><\/svg>\t\t\t<\/span>\n\t\t\t\t\t\t\t\t\t<span class=\"elementor-button-text\">Converse com um Especialista<\/span>\n\t\t\t\t\t<\/span>\n\t\t\t\t\t<\/a>\n\t\t\t\t<\/div>\n\t\t\t\t\t\t\t\t<\/div>\n\t\t\t\t<\/div>\n\t\t\t\t\t<\/div>\n\t\t\t\t<\/div>\n\t\t\t\t<\/div>\n\t\t","protected":false},"excerpt":{"rendered":"<p>Antes e Depois Transforma\u00e7\u00f5es que falam por si! Confira nossa galeria de antes e depois e veja como renovamos sof\u00e1s, [&hellip;]<\/p>\n","protected":false},"author":1,"featured_media":0,"parent":0,"menu_order":0,"comment_status":"closed","ping_status":"closed","template":"elementor_header_footer","meta":{"site-sidebar-layout":"default","site-content-layout":"","ast-site-content-layout":"","site-content-style":"default","site-sidebar-style":"default","ast-global-header-display":"","ast-banner-title-visibility":"","ast-main-header-display":"","ast-hfb-above-header-display":"","ast-hfb-below-header-display":"","ast-hfb-mobile-header-display":"","site-post-title":"","ast-breadcrumbs-content":"","ast-featured-img":"","footer-sml-layout":"","theme-transparent-header-meta":"","adv-header-id-meta":"","stick-header-meta":"","header-above-stick-meta":"","header-main-stick-meta":"","header-below-stick-meta":"","astra-migrate-meta-layouts":"default","ast-page-background-enabled":"default","ast-page-background-meta":{"desktop":{"background-color":"var(--ast-global-color-5)","background-image":"","background-repeat":"repeat","background-position":"center center","background-size":"auto","background-attachment":"scroll","background-type":"","background-media":"","overlay-type":"","overlay-color":"","overlay-opacity":"","overlay-gradient":""},"tablet":{"background-color":"","background-image":"","background-repeat":"repeat","background-position":"center center","background-size":"auto","background-attachment":"scroll","background-type":"","background-media":"","overlay-type":"","overlay-color":"","overlay-opacity":"","overlay-gradient":""},"mobile":{"background-color":"","background-image":"","background-repeat":"repeat","background-position":"center center","background-size":"auto","background-attachment":"scroll","background-type":"","background-media":"","overlay-type":"","overlay-color":"","overlay-opacity":"","overlay-gradient":""}},"ast-content-background-meta":{"desktop":{"background-color":"var(--ast-global-color-4)","background-image":"","background-repeat":"repeat","background-position":"center center","background-size":"auto","background-attachment":"scroll","background-type":"","background-media":"","overlay-type":"","overlay-color":"","overlay-opacity":"","overlay-gradient":""},"tablet":{"background-color":"var(--ast-global-color-4)","background-image":"","background-repeat":"repeat","background-position":"center center","background-size":"auto","background-attachment":"scroll","background-type":"","background-media":"","overlay-type":"","overlay-color":"","overlay-opacity":"","overlay-gradient":""},"mobile":{"background-color":"var(--ast-global-color-4)","background-image":"","background-repeat":"repeat","background-position":"center center","background-size":"auto","background-attachment":"scroll","background-type":"","background-media":"","overlay-type":"","overlay-color":"","overlay-opacity":"","overlay-gradient":""}},"footnotes":""},"class_list":["post-13","page","type-page","status-publish","hentry"],"_links":{"self":[{"href":"https:\/\/pg3restaura.com.br\/index.php\/wp-json\/wp\/v2\/pages\/13","targetHints":{"allow":["GET"]}}],"collection":[{"href":"https:\/\/pg3restaura.com.br\/index.php\/wp-json\/wp\/v2\/pages"}],"about":[{"href":"https:\/\/pg3restaura.com.br\/index.php\/wp-json\/wp\/v2\/types\/page"}],"author":[{"embeddable":true,"href":"https:\/\/pg3restaura.com.br\/index.php\/wp-json\/wp\/v2\/users\/1"}],"replies":[{"embeddable":true,"href":"https:\/\/pg3restaura.com.br\/index.php\/wp-json\/wp\/v2\/comments?post=13"}],"version-history":[{"count":26,"href":"https:\/\/pg3restaura.com.br\/index.php\/wp-json\/wp\/v2\/pages\/13\/revisions"}],"predecessor-version":[{"id":396,"href":"https:\/\/pg3restaura.com.br\/index.php\/wp-json\/wp\/v2\/pages\/13\/revisions\/396"}],"wp:attachment":[{"href":"https:\/\/pg3restaura.com.br\/index.php\/wp-json\/wp\/v2\/media?parent=13"}],"curies":[{"name":"wp","href":"https:\/\/api.w.org\/{rel}","templated":true}]}}